{"id":5601,"date":"2022-09-14T14:12:05","date_gmt":"2022-09-14T12:12:05","guid":{"rendered":"https:\/\/training.med4skin.ch\/accueil\/"},"modified":"2024-10-15T18:19:34","modified_gmt":"2024-10-15T16:19:34","slug":"accueil","status":"publish","type":"page","link":"https:\/\/training.med4skin.ch\/fr\/","title":{"rendered":"Accueil"},"content":{"rendered":"<p>[et_pb_section fb_built=\u201c1\u201d _builder_version=\u201c4.21.0\u201d _module_preset=\u201cdefault\u201d background_color=\u201c#000000\u201d use_background_color_gradient=\u201con\u201d background_color_gradient_stops=\u201crgba(0,0,0,0.9) 0%|#a8a8a8 100%\u201d background_enable_image=\u201coff\u201d parallax=\u201con\u201d global_colors_info=\u201d{}\u201d][et_pb_row column_structure=\u201c1_4,3_4\u201d _builder_version=\u201c4.22.1\u201d _module_preset=\u201cdefault\u201d global_colors_info=\u201d{}\u201d][et_pb_column type=\u201c1_4\u201d _builder_version=\u201c4.22.1\u201d _module_preset=\u201cdefault\u201d global_colors_info=\u201d{}\u201d][et_pb_blurb title=\u201cJourn\u00e9e de l\u2019a\u00adve\u00adnir esth\u00e9\u00adtique  \u201d url=\u201chttps:\/\/training.med4skin.ch\/event\u201d _builder_version=\u201c4.27.0\u201d _module_preset=\u201cdefault\u201d header_font=\u201d|700|||||||\u201d header_text_color=\u201d#FFFFFF\u201d body_font=\u201d|600|||||||\u201d body_text_color=\u201c#dfb758\u201d link_option_url=\u201chttps:\/\/training.med4skin.ch\/event\u201d global_colors_info=\u201d{}\u201d]<\/p>\n<p>24 novembre 2024<br>Inscri\u00advez-vous main\u00adten\u00adant<\/p>\n<p>[\/et_pb_blurb][\/et_pb_column][et_pb_column type=\u201c3_4\u201d _builder_version=\u201c4.22.1\u201d _module_preset=\u201cdefault\u201d global_colors_info=\u201d{}\u201d][et_pb_blurb title=\u201cFormations pour les pro\u00adfes\u00adsi\u00adon\u00adnels\u201d _builder_version=\u201c4.27.0\u201d _module_preset=\u201cdefault\u201d header_level=\u201ch1\u201d header_font=\u201d|700|||||||\u201d header_text_align=\u201cleft\u201d header_text_color=\u201c#DFB758\u201d header_font_size=\u201c34px\u201d global_colors_info=\u201d{}\u201d][\/et_pb_blurb][\/et_pb_column][\/et_pb_row][et_pb_row column_structure=\u201c1_4,3_4\u201d _builder_version=\u201c4.21.0\u201d _module_preset=\u201cdefault\u201d global_colors_info=\u201d{}\u201d][et_pb_column type=\u201c1_4\u201d _builder_version=\u201c4.18.0\u201d _module_preset=\u201cdefault\u201d global_colors_info=\u201d{}\u201d][et_pb_image src=\u201chttps:\/\/training.med4skin.ch\/wp-content\/uploads\/2024\/09\/Post_Teaser-24th-November.webp\u201d title_text=\u201cPost_Teaser 24th Novem\u00adber\u201d url=\u201chttps:\/\/training.med4skin.ch\/event\u201d _builder_version=\u201c4.27.0\u201d _module_preset=\u201cdefault\u201d global_colors_info=\u201d{}\u201d][\/et_pb_image][et_pb_blurb _builder_version=\u201c4.21.0\u201d _module_preset=\u201cdefault\u201d header_level=\u201ch1\u201d header_font=\u201d|700|||||||\u201d header_text_align=\u201ccenter\u201d header_text_color=\u201d#FFFFFF\u201d global_colors_info=\u201d{}\u201d][\/et_pb_blurb][et_pb_text _builder_version=\u201c4.22.1\u201d _module_preset=\u201cdefault\u201d text_text_color=\u201d#FFFFFF\u201d text_font_size=\u201c16px\u201d custom_padding=\u201d||0px|||\u201d global_colors_info=\u201d{}\u201d]<\/p>\n<p>med4skin<br>Dorf\u00adstrasse 28<br>8834 Schin\u00addel\u00adlegi<br>+41 44 888 92 14<\/p>\n<p>[\/et_pb_text][\/et_pb_column][et_pb_column type=\u201c3_4\u201d _builder_version=\u201c4.21.0\u201d _module_preset=\u201cdefault\u201d global_colors_info=\u201d{}\u201d][et_pb_blurb title=\u201cFormation pro\u00adfes\u00adsi\u00adon\u00adnelle avec cer\u00adti\u00adfi\u00adcat\u201d _builder_version=\u201c4.22.1\u201d _module_preset=\u201cdefault\u201d header_level=\u201ch2\u201d header_font=\u201d|600|||||||\u201d header_text_color=\u201d#FFFFFF\u201d header_font_size=\u201c27px\u201d background_layout=\u201cdark\u201d global_colors_info=\u201d{}\u201d]<\/p>\n<p>Nous som\u00admes fiers de l\u2019ex\u00adper\u00adtise et de l\u2019exp\u00e9\u00adri\u00adence de notre \u00e9quipe. Gr\u00e2ce \u00e0 nos con\u00adnais\u00adsances et \u00e0 notre com\u00adpr\u00e9\u00adhen\u00adsion du sec\u00adteur, nous som\u00admes en mesure de r\u00e9pondre \u00e0 vos beso\u00adins de for\u00adma\u00adtion sp\u00e9\u00adci\u00adfi\u00adques et de veil\u00adler \u00e0 ce que vous rece\u00adviez une for\u00adma\u00adtion de la plus haute qua\u00adlit\u00e9. <\/p>\n<p>Notre enga\u00adge\u00adment en faveur de la for\u00adma\u00adtion pra\u00adtique nous distin\u00adgue des aut\u00adres acteurs du sec\u00adteur. Nous pen\u00adsons que l\u2019app\u00adren\u00adtis\u00adsage ne doit pas se limi\u00adter \u00e0 la th\u00e9\u00ado\u00adrie. C\u2019est pour\u00adquoi nous met\u00adtons l\u2019ac\u00adcent sur la trans\u00admis\u00adsion d\u2019exp\u00e9\u00adri\u00aden\u00adces et de con\u00adnais\u00adsances appli\u00adca\u00adbles. Nos pro\u00adgram\u00admes de for\u00adma\u00adtion met\u00adtent l\u2019ac\u00adcent sur les appli\u00adca\u00adti\u00adons pra\u00adti\u00adques, ce qui vous per\u00admet de vous ent\u00adra\u00ee\u00adner \u00e0 uti\u00adli\u00adser les \u00e9qui\u00adpe\u00adments et les tech\u00adni\u00adques de pre\u00admi\u00e8re main.     <\/p>\n<p>Il y a des pos\u00adsi\u00adbi\u00adli\u00adt\u00e9s de questions\/r\u00e9ponses et de dis\u00adcus\u00adsions pour s\u2019assurer que vous avez une com\u00adpr\u00e9\u00adhen\u00adsion com\u00adpl\u00e8te du mat\u00e9\u00adriel.<\/p>\n<p>[\/et_pb_blurb][\/et_pb_column][\/et_pb_row][\/et_pb_section][et_pb_section fb_built=\u201c1\u201d _builder_version=\u201c4.21.0\u201d _module_preset=\u201cdefault\u201d background_color=\u201d#FFFFFF\u201d global_colors_info=\u201d{}\u201d][et_pb_row _builder_version=\u201c4.22.2\u201d _module_preset=\u201cdefault\u201d global_colors_info=\u201d{}\u201d][et_pb_column type=\u201c4_4\u201d _builder_version=\u201c4.21.0\u201d _module_preset=\u201cdefault\u201d global_colors_info=\u201d{}\u201d][divi_events_list_booking booking_params=\u201con\u201d recurring=\u201con\u201d _builder_version=\u201c4.24.0\u201d _module_preset=\u201cdefault\u201d global_colors_info=\u201d{}\u201d][\/divi_events_list_booking][\/et_pb_column][\/et_pb_row][\/et_pb_section]<\/p>\n","protected":false},"excerpt":{"rendered":"<p>24 novembre 2024In\u00adscri\u00advez-vous maintenantmed4skinDorfstrasse 288834 Schindellegi+41 44 888 92 14Nous som\u00admes fiers de l\u2019ex\u00adper\u00adtise et de l\u2019exp\u00e9\u00adri\u00adence de notre \u00e9quipe. Gr\u00e2ce \u00e0 nos con\u00adnais\u00adsances et \u00e0 notre com\u00adpr\u00e9\u00adhen\u00adsion du sec\u00adteur, nous som\u00admes en mesure de r\u00e9pondre \u00e0 vos beso\u00adins de for\u00adma\u00adtion sp\u00e9\u00adci\u00adfi\u00adques et de veil\u00adler \u00e0 ce que vous rece\u00adviez une for\u00adma\u00adtion de la plus [\u2026]<\/p>\n","protected":false},"author":1,"featured_media":0,"parent":0,"menu_order":0,"comment_status":"closed","ping_status":"closed","template":"","meta":{"_et_pb_use_builder":"on","_et_pb_old_content":"","_et_gb_content_width":"","wp_typography_post_enhancements_disabled":false,"footnotes":""},"class_list":["post-5601","page","type-page","status-publish","hentry"],"yoast_head":"<!-- This site is optimized with the Yoast SEO plugin v27.3 - https:\/\/yoast.com\/product\/yoast-seo-wordpress\/ -->\n<title>med4skin| TOSKANI Suisse | Formations<\/title>\n<meta name=\"description\" content=\"Le succ\u00e8s des traitements de beaut\u00e9 d\u00e9pend aussi d&#039;une formation ad\u00e9quate. Chez nous, vous avez la possibilit\u00e9 d&#039;apprendre beaucoup de choses.\" \/>\n<meta name=\"robots\" content=\"index, follow, max-snippet:-1, max-image-preview:large, max-video-preview:-1\" \/>\n<link rel=\"canonical\" href=\"https:\/\/training.med4skin.ch\/fr\/\" \/>\n<meta property=\"og:locale\" content=\"fr_FR\" \/>\n<meta property=\"og:type\" content=\"article\" \/>\n<meta property=\"og:title\" content=\"med4skin| TOSKANI Suisse | Formations\" \/>\n<meta property=\"og:description\" content=\"Le succ\u00e8s des traitements de beaut\u00e9 d\u00e9pend aussi d&#039;une formation ad\u00e9quate. Chez nous, vous avez la possibilit\u00e9 d&#039;apprendre beaucoup de choses.\" \/>\n<meta property=\"og:url\" content=\"https:\/\/training.med4skin.ch\/fr\/\" \/>\n<meta property=\"og:site_name\" content=\"med4skin\" \/>\n<meta property=\"article:modified_time\" content=\"2024-10-15T16:19:34+00:00\" \/>\n<meta property=\"og:image\" content=\"https:\/\/training.med4skin.ch\/wp-content\/uploads\/2024\/01\/cropped-95017869_padded_logo-300x300.png\" \/>\n<meta name=\"twitter:card\" content=\"summary_large_image\" \/>\n<meta name=\"twitter:image\" content=\"https:\/\/www.med4skin.ch\/training\/wp-content\/uploads\/2022\/11\/95017869_padded_logo.png\" \/>\n<meta name=\"twitter:label1\" content=\"Dur\u00e9e de lecture estim\u00e9e\" \/>\n\t<meta name=\"twitter:data1\" content=\"3 minutes\" \/>\n<script type=\"application\/ld+json\" class=\"yoast-schema-graph\">{\"@context\":\"https:\\\/\\\/schema.org\",\"@graph\":[{\"@type\":\"WebPage\",\"@id\":\"https:\\\/\\\/training.med4skin.ch\\\/fr\\\/\",\"url\":\"https:\\\/\\\/training.med4skin.ch\\\/fr\\\/\",\"name\":\"med4skin| TOSKANI Suisse | Formations\",\"isPartOf\":{\"@id\":\"https:\\\/\\\/training.med4skin.ch\\\/fr\\\/#website\"},\"datePublished\":\"2022-09-14T12:12:05+00:00\",\"dateModified\":\"2024-10-15T16:19:34+00:00\",\"description\":\"Le succ\u00e8s des traitements de beaut\u00e9 d\u00e9pend aussi d'une formation ad\u00e9quate. Chez nous, vous avez la possibilit\u00e9 d'apprendre beaucoup de choses.\",\"breadcrumb\":{\"@id\":\"https:\\\/\\\/training.med4skin.ch\\\/fr\\\/#breadcrumb\"},\"inLanguage\":\"fr-FR\",\"potentialAction\":[{\"@type\":\"ReadAction\",\"target\":[\"https:\\\/\\\/training.med4skin.ch\\\/fr\\\/\"]}]},{\"@type\":\"BreadcrumbList\",\"@id\":\"https:\\\/\\\/training.med4skin.ch\\\/fr\\\/#breadcrumb\",\"itemListElement\":[{\"@type\":\"ListItem\",\"position\":1,\"name\":\"Startseite\",\"item\":\"https:\\\/\\\/training.med4skin.ch\\\/fr\\\/accueil\\\/\"},{\"@type\":\"ListItem\",\"position\":2,\"name\":\"Accueil\"}]},{\"@type\":\"WebSite\",\"@id\":\"https:\\\/\\\/training.med4skin.ch\\\/fr\\\/#website\",\"url\":\"https:\\\/\\\/training.med4skin.ch\\\/fr\\\/\",\"name\":\"med4skin\",\"description\":\"med4skin - skincare\",\"publisher\":{\"@id\":\"https:\\\/\\\/training.med4skin.ch\\\/fr\\\/#organization\"},\"potentialAction\":[{\"@type\":\"SearchAction\",\"target\":{\"@type\":\"EntryPoint\",\"urlTemplate\":\"https:\\\/\\\/training.med4skin.ch\\\/fr\\\/?s={search_term_string}\"},\"query-input\":{\"@type\":\"PropertyValueSpecification\",\"valueRequired\":true,\"valueName\":\"search_term_string\"}}],\"inLanguage\":\"fr-FR\"},{\"@type\":\"Organization\",\"@id\":\"https:\\\/\\\/training.med4skin.ch\\\/fr\\\/#organization\",\"name\":\"med4skin\",\"url\":\"https:\\\/\\\/training.med4skin.ch\\\/fr\\\/\",\"logo\":{\"@type\":\"ImageObject\",\"inLanguage\":\"fr-FR\",\"@id\":\"https:\\\/\\\/training.med4skin.ch\\\/fr\\\/#\\\/schema\\\/logo\\\/image\\\/\",\"url\":\"https:\\\/\\\/training.med4skin.ch\\\/wp-content\\\/uploads\\\/2024\\\/01\\\/95017869_padded_logo.png\",\"contentUrl\":\"https:\\\/\\\/training.med4skin.ch\\\/wp-content\\\/uploads\\\/2024\\\/01\\\/95017869_padded_logo.png\",\"width\":1000,\"height\":1000,\"caption\":\"med4skin\"},\"image\":{\"@id\":\"https:\\\/\\\/training.med4skin.ch\\\/fr\\\/#\\\/schema\\\/logo\\\/image\\\/\"},\"sameAs\":[\"https:\\\/\\\/www.instagram.com\\\/toskani.switzerland\\\/\",\"https:\\\/\\\/www.instagram.com\\\/med4skin.ch\"]}]}<\/script>\n<!-- \/ Yoast SEO plugin. -->","yoast_head_json":{"title":"med4skin| TOSKANI Suisse | Formations","description":"Le succ\u00e8s des traitements de beaut\u00e9 d\u00e9pend aussi d'une formation ad\u00e9quate. Chez nous, vous avez la possibilit\u00e9 d'apprendre beaucoup de choses.","robots":{"index":"index","follow":"follow","max-snippet":"max-snippet:-1","max-image-preview":"max-image-preview:large","max-video-preview":"max-video-preview:-1"},"canonical":"https:\/\/training.med4skin.ch\/fr\/","og_locale":"fr_FR","og_type":"article","og_title":"med4skin| TOSKANI Suisse | Formations","og_description":"Le succ\u00e8s des traitements de beaut\u00e9 d\u00e9pend aussi d'une formation ad\u00e9quate. Chez nous, vous avez la possibilit\u00e9 d'apprendre beaucoup de choses.","og_url":"https:\/\/training.med4skin.ch\/fr\/","og_site_name":"med4skin","article_modified_time":"2024-10-15T16:19:34+00:00","og_image":[{"url":"https:\/\/training.med4skin.ch\/wp-content\/uploads\/2024\/01\/cropped-95017869_padded_logo-300x300.png","type":"","width":"","height":""}],"twitter_card":"summary_large_image","twitter_image":"https:\/\/www.med4skin.ch\/training\/wp-content\/uploads\/2022\/11\/95017869_padded_logo.png","twitter_misc":{"Dur\u00e9e de lecture estim\u00e9e":"3 minutes"},"schema":{"@context":"https:\/\/schema.org","@graph":[{"@type":"WebPage","@id":"https:\/\/training.med4skin.ch\/fr\/","url":"https:\/\/training.med4skin.ch\/fr\/","name":"med4skin| TOSKANI Suisse | Formations","isPartOf":{"@id":"https:\/\/training.med4skin.ch\/fr\/#website"},"datePublished":"2022-09-14T12:12:05+00:00","dateModified":"2024-10-15T16:19:34+00:00","description":"Le succ\u00e8s des traitements de beaut\u00e9 d\u00e9pend aussi d'une formation ad\u00e9quate. Chez nous, vous avez la possibilit\u00e9 d'apprendre beaucoup de choses.","breadcrumb":{"@id":"https:\/\/training.med4skin.ch\/fr\/#breadcrumb"},"inLanguage":"fr-FR","potentialAction":[{"@type":"ReadAction","target":["https:\/\/training.med4skin.ch\/fr\/"]}]},{"@type":"BreadcrumbList","@id":"https:\/\/training.med4skin.ch\/fr\/#breadcrumb","itemListElement":[{"@type":"ListItem","position":1,"name":"Startseite","item":"https:\/\/training.med4skin.ch\/fr\/accueil\/"},{"@type":"ListItem","position":2,"name":"Accueil"}]},{"@type":"WebSite","@id":"https:\/\/training.med4skin.ch\/fr\/#website","url":"https:\/\/training.med4skin.ch\/fr\/","name":"med4skin","description":"med4skin - skincare","publisher":{"@id":"https:\/\/training.med4skin.ch\/fr\/#organization"},"potentialAction":[{"@type":"SearchAction","target":{"@type":"EntryPoint","urlTemplate":"https:\/\/training.med4skin.ch\/fr\/?s={search_term_string}"},"query-input":{"@type":"PropertyValueSpecification","valueRequired":true,"valueName":"search_term_string"}}],"inLanguage":"fr-FR"},{"@type":"Organization","@id":"https:\/\/training.med4skin.ch\/fr\/#organization","name":"med4skin","url":"https:\/\/training.med4skin.ch\/fr\/","logo":{"@type":"ImageObject","inLanguage":"fr-FR","@id":"https:\/\/training.med4skin.ch\/fr\/#\/schema\/logo\/image\/","url":"https:\/\/training.med4skin.ch\/wp-content\/uploads\/2024\/01\/95017869_padded_logo.png","contentUrl":"https:\/\/training.med4skin.ch\/wp-content\/uploads\/2024\/01\/95017869_padded_logo.png","width":1000,"height":1000,"caption":"med4skin"},"image":{"@id":"https:\/\/training.med4skin.ch\/fr\/#\/schema\/logo\/image\/"},"sameAs":["https:\/\/www.instagram.com\/toskani.switzerland\/","https:\/\/www.instagram.com\/med4skin.ch"]}]}},"_links":{"self":[{"href":"https:\/\/training.med4skin.ch\/fr\/wp-json\/wp\/v2\/pages\/5601","targetHints":{"allow":["GET"]}}],"collection":[{"href":"https:\/\/training.med4skin.ch\/fr\/wp-json\/wp\/v2\/pages"}],"about":[{"href":"https:\/\/training.med4skin.ch\/fr\/wp-json\/wp\/v2\/types\/page"}],"author":[{"embeddable":true,"href":"https:\/\/training.med4skin.ch\/fr\/wp-json\/wp\/v2\/users\/1"}],"replies":[{"embeddable":true,"href":"https:\/\/training.med4skin.ch\/fr\/wp-json\/wp\/v2\/comments?post=5601"}],"version-history":[{"count":8,"href":"https:\/\/training.med4skin.ch\/fr\/wp-json\/wp\/v2\/pages\/5601\/revisions"}],"predecessor-version":[{"id":5626,"href":"https:\/\/training.med4skin.ch\/fr\/wp-json\/wp\/v2\/pages\/5601\/revisions\/5626"}],"wp:attachment":[{"href":"https:\/\/training.med4skin.ch\/fr\/wp-json\/wp\/v2\/media?parent=5601"}],"curies":[{"name":"wp","href":"https:\/\/api.w.org\/{rel}","templated":true}]}}