{"id":5662,"date":"2024-09-25T19:17:42","date_gmt":"2024-09-25T17:17:42","guid":{"rendered":"https:\/\/training.med4skin.ch\/journee-aesthetic-future\/"},"modified":"2024-11-19T11:08:12","modified_gmt":"2024-11-19T10:08:12","slug":"journee-aesthetic-future","status":"publish","type":"page","link":"https:\/\/training.med4skin.ch\/fr\/journee-aesthetic-future\/","title":{"rendered":"Journ\u00e9e Aesthetic Future"},"content":{"rendered":"<p>[et_pb_section fb_built=\u201c1\u201d _builder_version=\u201c4.21.0\u201d _module_preset=\u201cdefault\u201d background_color=\u201c#000000\u201d use_background_color_gradient=\u201con\u201d background_color_gradient_stops=\u201crgba(0,0,0,0.9) 0%|#a8a8a8 100%\u201d background_enable_image=\u201coff\u201d parallax=\u201con\u201d global_colors_info=\u201d{}\u201d][et_pb_row _builder_version=\u201c4.27.2\u201d _module_preset=\u201cdefault\u201d global_colors_info=\u201d{}\u201d][et_pb_column type=\u201c4_4\u201d _builder_version=\u201c4.22.1\u201d _module_preset=\u201cdefault\u201d global_colors_info=\u201d{}\u201d][et_pb_blurb title=\u201cAesthetic Future Day 2024\u201d _builder_version=\u201c4.27.2\u201d _module_preset=\u201cdefault\u201d header_level=\u201ch1\u201d header_font=\u201d|700|||||||\u201d header_text_color=\u201c#DFB758\u201d header_font_size=\u201c34px\u201d body_font=\u201d|700|||||||\u201d body_text_color=\u201d#FFFFFF\u201d body_font_size=\u201c20px\u201d text_orientation=\u201ccenter\u201d global_colors_info=\u201d{}\u201d]Le meil\u00adleur de TOSKANI et TOSKANIMED, y com\u00adpris un aper\u00e7u des nou\u00adveaux pro\u00adduits 2025<br>\n[\/et_pb_blurb][\/et_pb_column][\/et_pb_row][et_pb_row _builder_version=\u201c4.27.2\u201d _module_preset=\u201cdefault\u201d global_colors_info=\u201d{}\u201d][et_pb_column type=\u201c4_4\u201d _builder_version=\u201c4.27.2\u201d _module_preset=\u201cdefault\u201d global_colors_info=\u201d{}\u201d][et_pb_countdown_timer title=\u201cJourn\u00e9e Aes\u00adthe\u00adtic Future ! Plus que\u2026 \u201d date_time=\u201c2024\u201311-24 09:30\u201d _builder_version=\u201c4.27.2\u201d _module_preset=\u201cdefault\u201d header_font=\u201d|700|||||||\u201d header_text_color=\u201c#000000\u201d numbers_font=\u201d|700|||||||\u201d separator_font=\u201d|700|||||||\u201d label_font=\u201d|700|||||||\u201d background_color=\u201c#d3be70\u201d custom_css_free_form=\u201d.et_pb_countdown_timer .section.hours,||.et_pb_countdown_timer .section.minutes,||.et_pb_countdown_timer .section.seconds,||.et_pb_countdown_timer .sep {||display:none;||}\u201d global_colors_info=\u201d{}\u201d][\/et_pb_countdown_timer][et_pb_text _builder_version=\u201c4.27.2\u201d _module_preset=\u201cdefault\u201d text_font=\u201d|700|||||||\u201d text_text_color=\u201d#FFFFFF\u201d text_font_size=\u201c20px\u201d text_orientation=\u201ccenter\u201d hover_enabled=\u201c0\u201d global_colors_info=\u201d{}\u201d sticky_enabled=\u201c0\u201d]<\/p>\n<p>Inscrip\u00adtion \u00e0 l\u2019\u00e9\u00adv\u00e9\u00adne\u00adment gra\u00adtuit \u2014 exclu\u00adsi\u00adve\u00adment pour les cli\u00adents pro\u00adfes\u00adsi\u00adon\u00adnels<br>veuil\u00adlez cli\u00adquer sur \u201cInscr\u00adire sur liste d\u2019at\u00adtente\u2026\u201d ci-des\u00adsous<\/p>\n<p>[\/et_pb_text][divi_events_list_booking booking_params=\u201con\u201d events=\u201c45\u201d in_dialog=\u201coff\u201d _builder_version=\u201c4.27.2\u201d _module_preset=\u201cdefault\u201d global_colors_info=\u201d{}\u201d][\/divi_events_list_booking][\/et_pb_column][\/et_pb_row][et_pb_row _builder_version=\u201c4.27.2\u201d _module_preset=\u201cdefault\u201d global_colors_info=\u201d{}\u201d][et_pb_column type=\u201c4_4\u201d _builder_version=\u201c4.18.0\u201d _module_preset=\u201cdefault\u201d global_colors_info=\u201d{}\u201d][et_pb_image src=\u201chttps:\/\/training.med4skin.ch\/wp-content\/uploads\/2024\/10\/Post_Teaser-24th-November_Mesa-de-trabajo-1-compressed.png\u201d title_text=\u201cPost_Teaser 24th November_Mesa de tra\u00adbajo 1 com\u00adpres\u00adsed\u201d align=\u201ccenter\u201d _builder_version=\u201c4.27.2\u201d _module_preset=\u201cdefault\u201d global_colors_info=\u201d{}\u201d][\/et_pb_image][\/et_pb_column][\/et_pb_row][\/et_pb_section]<\/p>\n","protected":false},"excerpt":{"rendered":"<p>Le meil\u00adleur de TOSKANI et TOSKANIMED, y com\u00adpris un aper\u00e7u des nou\u00adveaux pro\u00adduits 2025 Inscrip\u00adtion \u00e0 l\u2019\u00e9\u00adv\u00e9\u00adne\u00adment gra\u00adtuit \u2014 exclu\u00adsi\u00adve\u00adment pour les cli\u00adents pro\u00adfes\u00adsi\u00adon\u00adnels\u00adveuil\u00adlez cli\u00adquer sur \u201cInscr\u00adire sur liste d\u2019at\u00adtente\u2026\u201d ci-des\u00adsous<\/p><div class=\"et_pb_module divi_events_list_booking divi_events_list_booking_0\">\n\t\t\t\t\n\t\t\t\t\n\t\t\t\t\n\t\t\t\t\n\t\t\t\t\n\t\t\t\t\n\t\t\t\t<div class=\"et_pb_module_inner\">\n\t\t\t\t\t<script>\n  if (typeof hasAmeliaEvent === 'undefined') {\n    var hasAmeliaEvent = true;\n  }\n  if (typeof hasEventApiCall === 'undefined' && ('' === '' && '' !== '1')) {\n    var hasEventApiCall = true;\n  }\n  var hasEventShortcode = (typeof hasEventShortcode === 'undefined') ? false : true;\n  var ameliaShortcodeData = (typeof ameliaShortcodeData === 'undefined') ? [] : ameliaShortcodeData;\n  ameliaShortcodeData.push(\n    {\n      'hasApiCall': (typeof hasEventApiCall !== 'undefined') && hasEventApiCall,\n      'trigger': '',\n      'trigger_type': '',\n      'triggered_form': 'elf',\n      'in_dialog': '',\n      'counter': '1000',\n      'employee': '',\n      'eventId': '45',\n      'eventRecurring': 0,\n      'eventTag': \"\",\n      'locationId': \"\",\n      'range': \"\"\n    }\n  );\n  var ameliaShortcodeDataTriggered = (typeof ameliaShortcodeDataTriggered === 'undefined') ? [] : ameliaShortcodeDataTriggered;\n  if (ameliaShortcodeData[ameliaShortcodeData.length - 1].trigger !== '') {\n    if (ameliaShortcodeDataTriggered.filter(a => a.counter === ameliaShortcodeData[ameliaShortcodeData.length - 1].counter).length === 0) {\n      ameliaShortcodeDataTriggered.push(ameliaShortcodeData.pop());\n    } else {\n      ameliaShortcodeData.pop()\n    }\n  }\n  if (typeof hasEventApiCall !== 'undefined' && hasEventApiCall) {\n    hasEventApiCall = false;\n  }\n<\/script>\n\n<div id=\"amelia-v2-booking-1000\" class=\"amelia-v2-booking\">\n    <events-list-form-wrapper><\/events-list-form-wrapper><\/div>\n\n\t\t\t\t<\/div>\n\t\t\t<\/div>\n","protected":false},"author":1,"featured_media":0,"parent":0,"menu_order":0,"comment_status":"closed","ping_status":"closed","template":"","meta":{"_et_pb_use_builder":"on","_et_pb_old_content":"","_et_gb_content_width":"","wp_typography_post_enhancements_disabled":false,"footnotes":""},"class_list":["post-5662","page","type-page","status-publish","hentry"],"yoast_head":"<!-- This site is optimized with the Yoast SEO plugin v27.5 - https:\/\/yoast.com\/product\/yoast-seo-wordpress\/ -->\n<title>Journ\u00e9e Aesthetic Future | med4skin<\/title>\n<meta name=\"robots\" content=\"index, follow, max-snippet:-1, max-image-preview:large, max-video-preview:-1\" \/>\n<link rel=\"canonical\" href=\"https:\/\/training.med4skin.ch\/fr\/journee-aesthetic-future\/\" \/>\n<meta property=\"og:locale\" content=\"fr_FR\" \/>\n<meta property=\"og:type\" content=\"article\" \/>\n<meta property=\"og:title\" content=\"Journ\u00e9e Aesthetic Future | med4skin\" \/>\n<meta property=\"og:description\" content=\"Le meilleur de TOSKANI et TOSKANIMED, y compris un aper\u00e7u des nouveaux produits 2025 Inscription \u00e0 l&#039;\u00e9v\u00e9nement gratuit - exclusivement pour les clients professionnelsveuillez cliquer sur &quot;Inscrire sur liste d&#039;attente...&quot; ci-dessous\" \/>\n<meta property=\"og:url\" content=\"https:\/\/training.med4skin.ch\/fr\/journee-aesthetic-future\/\" \/>\n<meta property=\"og:site_name\" content=\"med4skin\" \/>\n<meta property=\"article:modified_time\" content=\"2024-11-19T10:08:12+00:00\" \/>\n<meta name=\"twitter:card\" content=\"summary_large_image\" \/>\n<meta name=\"twitter:label1\" content=\"Dur\u00e9e de lecture estim\u00e9e\" \/>\n\t<meta name=\"twitter:data1\" content=\"2 minutes\" \/>\n<script type=\"application\/ld+json\" class=\"yoast-schema-graph\">{\"@context\":\"https:\\\/\\\/schema.org\",\"@graph\":[{\"@type\":\"WebPage\",\"@id\":\"https:\\\/\\\/training.med4skin.ch\\\/fr\\\/journee-aesthetic-future\\\/\",\"url\":\"https:\\\/\\\/training.med4skin.ch\\\/fr\\\/journee-aesthetic-future\\\/\",\"name\":\"Journ\u00e9e Aesthetic Future | med4skin\",\"isPartOf\":{\"@id\":\"https:\\\/\\\/training.med4skin.ch\\\/fr\\\/#website\"},\"datePublished\":\"2024-09-25T17:17:42+00:00\",\"dateModified\":\"2024-11-19T10:08:12+00:00\",\"breadcrumb\":{\"@id\":\"https:\\\/\\\/training.med4skin.ch\\\/fr\\\/journee-aesthetic-future\\\/#breadcrumb\"},\"inLanguage\":\"fr-FR\",\"potentialAction\":[{\"@type\":\"ReadAction\",\"target\":[\"https:\\\/\\\/training.med4skin.ch\\\/fr\\\/journee-aesthetic-future\\\/\"]}]},{\"@type\":\"BreadcrumbList\",\"@id\":\"https:\\\/\\\/training.med4skin.ch\\\/fr\\\/journee-aesthetic-future\\\/#breadcrumb\",\"itemListElement\":[{\"@type\":\"ListItem\",\"position\":1,\"name\":\"Startseite\",\"item\":\"https:\\\/\\\/training.med4skin.ch\\\/fr\\\/accueil\\\/\"},{\"@type\":\"ListItem\",\"position\":2,\"name\":\"Journ\u00e9e Aesthetic Future\"}]},{\"@type\":\"WebSite\",\"@id\":\"https:\\\/\\\/training.med4skin.ch\\\/fr\\\/#website\",\"url\":\"https:\\\/\\\/training.med4skin.ch\\\/fr\\\/\",\"name\":\"med4skin\",\"description\":\"med4skin - skincare\",\"publisher\":{\"@id\":\"https:\\\/\\\/training.med4skin.ch\\\/fr\\\/#organization\"},\"potentialAction\":[{\"@type\":\"SearchAction\",\"target\":{\"@type\":\"EntryPoint\",\"urlTemplate\":\"https:\\\/\\\/training.med4skin.ch\\\/fr\\\/?s={search_term_string}\"},\"query-input\":{\"@type\":\"PropertyValueSpecification\",\"valueRequired\":true,\"valueName\":\"search_term_string\"}}],\"inLanguage\":\"fr-FR\"},{\"@type\":\"Organization\",\"@id\":\"https:\\\/\\\/training.med4skin.ch\\\/fr\\\/#organization\",\"name\":\"med4skin\",\"url\":\"https:\\\/\\\/training.med4skin.ch\\\/fr\\\/\",\"logo\":{\"@type\":\"ImageObject\",\"inLanguage\":\"fr-FR\",\"@id\":\"https:\\\/\\\/training.med4skin.ch\\\/fr\\\/#\\\/schema\\\/logo\\\/image\\\/\",\"url\":\"https:\\\/\\\/training.med4skin.ch\\\/wp-content\\\/uploads\\\/2024\\\/01\\\/95017869_padded_logo.png\",\"contentUrl\":\"https:\\\/\\\/training.med4skin.ch\\\/wp-content\\\/uploads\\\/2024\\\/01\\\/95017869_padded_logo.png\",\"width\":1000,\"height\":1000,\"caption\":\"med4skin\"},\"image\":{\"@id\":\"https:\\\/\\\/training.med4skin.ch\\\/fr\\\/#\\\/schema\\\/logo\\\/image\\\/\"},\"sameAs\":[\"https:\\\/\\\/www.instagram.com\\\/toskani.switzerland\\\/\",\"https:\\\/\\\/www.instagram.com\\\/med4skin.ch\"]}]}<\/script>\n<!-- \/ Yoast SEO plugin. -->","yoast_head_json":{"title":"Journ\u00e9e Aesthetic Future | med4skin","robots":{"index":"index","follow":"follow","max-snippet":"max-snippet:-1","max-image-preview":"max-image-preview:large","max-video-preview":"max-video-preview:-1"},"canonical":"https:\/\/training.med4skin.ch\/fr\/journee-aesthetic-future\/","og_locale":"fr_FR","og_type":"article","og_title":"Journ\u00e9e Aesthetic Future | med4skin","og_description":"Le meilleur de TOSKANI et TOSKANIMED, y compris un aper\u00e7u des nouveaux produits 2025 Inscription \u00e0 l'\u00e9v\u00e9nement gratuit - exclusivement pour les clients professionnelsveuillez cliquer sur \"Inscrire sur liste d'attente...\" ci-dessous","og_url":"https:\/\/training.med4skin.ch\/fr\/journee-aesthetic-future\/","og_site_name":"med4skin","article_modified_time":"2024-11-19T10:08:12+00:00","twitter_card":"summary_large_image","twitter_misc":{"Dur\u00e9e de lecture estim\u00e9e":"2 minutes"},"schema":{"@context":"https:\/\/schema.org","@graph":[{"@type":"WebPage","@id":"https:\/\/training.med4skin.ch\/fr\/journee-aesthetic-future\/","url":"https:\/\/training.med4skin.ch\/fr\/journee-aesthetic-future\/","name":"Journ\u00e9e Aesthetic Future | med4skin","isPartOf":{"@id":"https:\/\/training.med4skin.ch\/fr\/#website"},"datePublished":"2024-09-25T17:17:42+00:00","dateModified":"2024-11-19T10:08:12+00:00","breadcrumb":{"@id":"https:\/\/training.med4skin.ch\/fr\/journee-aesthetic-future\/#breadcrumb"},"inLanguage":"fr-FR","potentialAction":[{"@type":"ReadAction","target":["https:\/\/training.med4skin.ch\/fr\/journee-aesthetic-future\/"]}]},{"@type":"BreadcrumbList","@id":"https:\/\/training.med4skin.ch\/fr\/journee-aesthetic-future\/#breadcrumb","itemListElement":[{"@type":"ListItem","position":1,"name":"Startseite","item":"https:\/\/training.med4skin.ch\/fr\/accueil\/"},{"@type":"ListItem","position":2,"name":"Journ\u00e9e Aesthetic Future"}]},{"@type":"WebSite","@id":"https:\/\/training.med4skin.ch\/fr\/#website","url":"https:\/\/training.med4skin.ch\/fr\/","name":"med4skin","description":"med4skin - skincare","publisher":{"@id":"https:\/\/training.med4skin.ch\/fr\/#organization"},"potentialAction":[{"@type":"SearchAction","target":{"@type":"EntryPoint","urlTemplate":"https:\/\/training.med4skin.ch\/fr\/?s={search_term_string}"},"query-input":{"@type":"PropertyValueSpecification","valueRequired":true,"valueName":"search_term_string"}}],"inLanguage":"fr-FR"},{"@type":"Organization","@id":"https:\/\/training.med4skin.ch\/fr\/#organization","name":"med4skin","url":"https:\/\/training.med4skin.ch\/fr\/","logo":{"@type":"ImageObject","inLanguage":"fr-FR","@id":"https:\/\/training.med4skin.ch\/fr\/#\/schema\/logo\/image\/","url":"https:\/\/training.med4skin.ch\/wp-content\/uploads\/2024\/01\/95017869_padded_logo.png","contentUrl":"https:\/\/training.med4skin.ch\/wp-content\/uploads\/2024\/01\/95017869_padded_logo.png","width":1000,"height":1000,"caption":"med4skin"},"image":{"@id":"https:\/\/training.med4skin.ch\/fr\/#\/schema\/logo\/image\/"},"sameAs":["https:\/\/www.instagram.com\/toskani.switzerland\/","https:\/\/www.instagram.com\/med4skin.ch"]}]}},"_links":{"self":[{"href":"https:\/\/training.med4skin.ch\/fr\/wp-json\/wp\/v2\/pages\/5662","targetHints":{"allow":["GET"]}}],"collection":[{"href":"https:\/\/training.med4skin.ch\/fr\/wp-json\/wp\/v2\/pages"}],"about":[{"href":"https:\/\/training.med4skin.ch\/fr\/wp-json\/wp\/v2\/types\/page"}],"author":[{"embeddable":true,"href":"https:\/\/training.med4skin.ch\/fr\/wp-json\/wp\/v2\/users\/1"}],"replies":[{"embeddable":true,"href":"https:\/\/training.med4skin.ch\/fr\/wp-json\/wp\/v2\/comments?post=5662"}],"version-history":[{"count":6,"href":"https:\/\/training.med4skin.ch\/fr\/wp-json\/wp\/v2\/pages\/5662\/revisions"}],"predecessor-version":[{"id":5685,"href":"https:\/\/training.med4skin.ch\/fr\/wp-json\/wp\/v2\/pages\/5662\/revisions\/5685"}],"wp:attachment":[{"href":"https:\/\/training.med4skin.ch\/fr\/wp-json\/wp\/v2\/media?parent=5662"}],"curies":[{"name":"wp","href":"https:\/\/api.w.org\/{rel}","templated":true}]}}